{"id":1916,"date":"2024-12-06T18:10:52","date_gmt":"2024-12-06T17:10:52","guid":{"rendered":"https:\/\/www.all-in.lu\/restaurant\/"},"modified":"2025-12-21T15:50:09","modified_gmt":"2025-12-21T14:50:09","slug":"restaurant","status":"publish","type":"page","link":"https:\/\/www.all-in.lu\/de\/restaurant\/","title":{"rendered":"Restaurant"},"content":{"rendered":"\t\t<div data-elementor-type=\"wp-page\" data-elementor-id=\"1916\" class=\"elementor elementor-1916 elementor-1904\" data-elementor-post-type=\"page\">\n\t\t\t\t<div class=\"elementor-element elementor-element-9245197 e-flex e-con-boxed e-con e-parent\" data-id=\"9245197\" data-element_type=\"container\" data-e-type=\"container\">\n\t\t\t\t\t<div class=\"e-con-inner\">\n\t\t\t\t<div class=\"elementor-element elementor-element-521596d elementor-widget elementor-widget-text-editor\" data-id=\"521596d\" data-element_type=\"widget\" data-e-type=\"widget\" data-widget_type=\"text-editor.default\">\n\t\t\t\t\t\t\t\t\t<p class=\"has-text-align-center\"><strong>Hier ist die Speisekarte unseres Restaurants:<\/strong><\/p><p><span style=\"color: #ff9900;\"><a style=\"color: #ff9900;\" href=\"https:\/\/www.all-in.lu\/wp-content\/uploads\/2025\/10\/Summerkaart_13.05.25.pdf\" target=\"_blank\" rel=\"noopener\">Speisekarte_Restaurant<\/a><\/span><\/p>\t\t\t\t\t\t\t\t<\/div>\n\t\t\t\t\t<\/div>\n\t\t\t\t<\/div>\n\t\t<div class=\"elementor-element elementor-element-1d2b371 e-flex e-con-boxed e-con e-parent\" data-id=\"1d2b371\" data-element_type=\"container\" data-e-type=\"container\">\n\t\t\t\t\t<div class=\"e-con-inner\">\n\t\t\t\t<div class=\"elementor-element elementor-element-c6bd886 elementor-widget__width-inherit elementor-widget elementor-widget-heading\" data-id=\"c6bd886\" data-element_type=\"widget\" data-e-type=\"widget\" data-widget_type=\"heading.default\">\n\t\t\t\t\t<h2 class=\"elementor-heading-title elementor-size-default\">LODGE<\/h2>\t\t\t\t<\/div>\n\t\t\t\t\t<\/div>\n\t\t\t\t<\/div>\n\t\t\t\t<section class=\"elementor-section elementor-top-section elementor-element elementor-element-e135fde elementor-section-boxed elementor-section-height-default elementor-section-height-default\" data-id=\"e135fde\" data-element_type=\"section\" data-e-type=\"section\">\n\t\t\t\t\t\t<div class=\"elementor-container elementor-column-gap-default\">\n\t\t\t\t\t<div class=\"elementor-column elementor-col-100 elementor-top-column elementor-element elementor-element-22f349a5\" data-id=\"22f349a5\" data-element_type=\"column\" data-e-type=\"column\">\n\t\t\t<div class=\"elementor-widget-wrap elementor-element-populated\">\n\t\t\t\t\t\t<div class=\"elementor-element elementor-element-42f65223 elementor-widget elementor-widget-text-editor\" data-id=\"42f65223\" data-element_type=\"widget\" data-e-type=\"widget\" data-widget_type=\"text-editor.default\">\n\t\t\t\t\t\t\t\t\t<p>Ende M\u00e4rz 2024 haben wir mit der Renovierung unserer Terrasse begonnen. Ziel der Umgestaltung der alten Terrasse war es, das Restaurant zu vergr\u00f6\u00dfern. Dank der Rollfenster dient er im Sommer als gut bel\u00fcfteter Ort, und in k\u00e4lteren Zeiten k\u00f6nnt ihr schnell und einfach l\u00fcften, um unangenehme Essensger\u00fcche loszuwerden.<\/p>\n<p>Seit Ende November 2024 freuen wir uns, euch mitteilen zu k\u00f6nnen, dass die Renovierung erfolgreich abgeschlossen wurde und unsere neue Lodge nun von G\u00e4sten genutzt werden kann. Die holzverzierten W\u00e4nde und ein Kamin mit echtem Feuer laden euch zu einem gem\u00fctlichen Essen ein.<\/p>\n<p><\/p>\n<figure class=\"wp-block-image size-large\"><img fetchpriority=\"high\" decoding=\"async\" width=\"1024\" height=\"683\" class=\"wp-image-1905\" src=\"https:\/\/www.all-in.lu\/wp-content\/uploads\/2024\/12\/Lodge-1024x683.jpg\" alt=\"\" srcset=\"https:\/\/www.all-in.lu\/wp-content\/uploads\/2024\/12\/Lodge-1024x683.jpg 1024w, https:\/\/www.all-in.lu\/wp-content\/uploads\/2024\/12\/Lodge-300x200.jpg 300w, https:\/\/www.all-in.lu\/wp-content\/uploads\/2024\/12\/Lodge-768x512.jpg 768w, https:\/\/www.all-in.lu\/wp-content\/uploads\/2024\/12\/Lodge-1536x1024.jpg 1536w, https:\/\/www.all-in.lu\/wp-content\/uploads\/2024\/12\/Lodge-2048x1365.jpg 2048w\" sizes=\"(max-width: 1024px) 100vw, 1024px\" \/><\/figure>\n<h2 class=\"wp-block-heading has-text-align-center\">&nbsp; Pierrade und Fondue<\/h2>\n<p>Mit der Er\u00f6ffnung der Lodge habt ihr nun die M\u00f6glichkeit, auf hei\u00dfem Stein zu kochen oder selbst Raclette zu essen. Die Bel\u00fcftung des Raumes ist daf\u00fcr ideal, weshalb diese Gerichte nur in der Lodge genossen werden k\u00f6nnen.<\/p>\n<figure class=\"wp-block-image size-large\"><img decoding=\"async\" width=\"1024\" height=\"713\" class=\"wp-image-1907\" src=\"https:\/\/www.all-in.lu\/wp-content\/uploads\/2024\/12\/Pierrade_gescharft-1024x713.jpg\" alt=\"\" srcset=\"https:\/\/www.all-in.lu\/wp-content\/uploads\/2024\/12\/Pierrade_gescharft-1024x713.jpg 1024w, https:\/\/www.all-in.lu\/wp-content\/uploads\/2024\/12\/Pierrade_gescharft-300x209.jpg 300w, https:\/\/www.all-in.lu\/wp-content\/uploads\/2024\/12\/Pierrade_gescharft-768x534.jpg 768w, https:\/\/www.all-in.lu\/wp-content\/uploads\/2024\/12\/Pierrade_gescharft-1536x1069.jpg 1536w, https:\/\/www.all-in.lu\/wp-content\/uploads\/2024\/12\/Pierrade_gescharft-2048x1425.jpg 2048w\" sizes=\"(max-width: 1024px) 100vw, 1024px\" \/><\/figure>\n<p class=\"has-text-align-center\"><b>F\u00fcr weitere Informationen sehen Sie sich unsere Karte im Bereich Pierrade und Lodge an.<\/b><\/p>\n<p><strong>Nur mit Reservierung mindestens 24 Stunden im Voraus (ab 4 Personen)<\/strong><\/p>\n<div class=\"wp-block-file\">&nbsp;<\/div>\t\t\t\t\t\t\t\t<\/div>\n\t\t\t\t\t<\/div>\n\t\t<\/div>\n\t\t\t\t\t<\/div>\n\t\t<\/section>\n\t\t\t\t<\/div>\n\t\t","protected":false},"excerpt":{"rendered":"<p>Hier ist die Speisekarte unseres Restaurants: Speisekarte_Restaurant LODGE Ende M\u00e4rz 2024 haben wir mit der Renovierung unserer Terrasse begonnen. Ziel der Umgestaltung der alten Terrasse war es, das Restaurant zu vergr\u00f6\u00dfern. Dank der Rollfenster dient er im Sommer als gut bel\u00fcfteter Ort, und in k\u00e4lteren Zeiten k\u00f6nnt ihr schnell und einfach l\u00fcften, um unangenehme Essensger\u00fcche [&hellip;]<\/p>\n","protected":false},"author":2,"featured_media":0,"parent":0,"menu_order":0,"comment_status":"closed","ping_status":"closed","template":"","meta":{"footnotes":""},"class_list":["post-1916","page","type-page","status-publish","hentry"],"_links":{"self":[{"href":"https:\/\/www.all-in.lu\/de\/wp-json\/wp\/v2\/pages\/1916","targetHints":{"allow":["GET"]}}],"collection":[{"href":"https:\/\/www.all-in.lu\/de\/wp-json\/wp\/v2\/pages"}],"about":[{"href":"https:\/\/www.all-in.lu\/de\/wp-json\/wp\/v2\/types\/page"}],"author":[{"embeddable":true,"href":"https:\/\/www.all-in.lu\/de\/wp-json\/wp\/v2\/users\/2"}],"replies":[{"embeddable":true,"href":"https:\/\/www.all-in.lu\/de\/wp-json\/wp\/v2\/comments?post=1916"}],"version-history":[{"count":20,"href":"https:\/\/www.all-in.lu\/de\/wp-json\/wp\/v2\/pages\/1916\/revisions"}],"predecessor-version":[{"id":3790,"href":"https:\/\/www.all-in.lu\/de\/wp-json\/wp\/v2\/pages\/1916\/revisions\/3790"}],"wp:attachment":[{"href":"https:\/\/www.all-in.lu\/de\/wp-json\/wp\/v2\/media?parent=1916"}],"curies":[{"name":"wp","href":"https:\/\/api.w.org\/{rel}","templated":true}]}}