{"id":2691,"date":"2025-02-26T19:38:41","date_gmt":"2025-02-26T18:38:41","guid":{"rendered":"https:\/\/www.all-in.lu\/informationen-kellner\/"},"modified":"2025-02-26T19:38:42","modified_gmt":"2025-02-26T18:38:42","slug":"informationen-kellner","status":"publish","type":"page","link":"https:\/\/www.all-in.lu\/de\/informationen-kellner\/","title":{"rendered":"Informationen Kellner"},"content":{"rendered":"\t\t<div data-elementor-type=\"wp-post\" data-elementor-id=\"2691\" class=\"elementor elementor-2691 elementor-2130\" data-elementor-post-type=\"page\">\n\t\t\t\t<div class=\"elementor-element elementor-element-ec986a5 e-flex e-con-boxed e-con e-parent\" data-id=\"ec986a5\" data-element_type=\"container\" data-e-type=\"container\">\n\t\t\t\t\t<div class=\"e-con-inner\">\n\t\t<div class=\"elementor-element elementor-element-104ebd5 e-con-full e-flex e-con e-child\" data-id=\"104ebd5\" data-element_type=\"container\" data-e-type=\"container\">\n\t\t\t\t<div class=\"elementor-element elementor-element-28d0420 elementor-widget elementor-widget-image\" data-id=\"28d0420\" data-element_type=\"widget\" data-e-type=\"widget\" data-widget_type=\"image.default\">\n\t\t\t\t\t\t\t\t\t\t\t\t\t\t\t<img decoding=\"async\" src=\"https:\/\/www.all-in.lu\/wp-content\/uploads\/elementor\/thumbs\/Comptoir2-scaled-r22z3p7zs9gi5qm2wjy4fp9u2jsz5j3g2dfu3m1gr4.jpg\" title=\"Comptoir2\" alt=\"Comptoir2\" loading=\"lazy\" \/>\t\t\t\t\t\t\t\t\t\t\t\t\t\t\t<\/div>\n\t\t\t\t<\/div>\n\t\t<div class=\"elementor-element elementor-element-5531591 e-con-full e-flex e-con e-child\" data-id=\"5531591\" data-element_type=\"container\" data-e-type=\"container\">\n\t\t<div class=\"elementor-element elementor-element-288fd64 e-con-full e-flex e-con e-child\" data-id=\"288fd64\" data-element_type=\"container\" data-e-type=\"container\">\n\t\t\t\t<div class=\"elementor-element elementor-element-2ada648 elementor-widget elementor-widget-text-editor\" data-id=\"2ada648\" data-element_type=\"widget\" data-e-type=\"widget\" data-widget_type=\"text-editor.default\">\n\t\t\t\t\t\t\t\t\t<div class=\"row align-center list-style-colored no-gutters\" data-v-3d6fe4ca=\"\">\n<div class=\"col-md-12 col-12\" data-v-3d6fe4ca=\"\">\n<h3 class=\"secondary--text\">Kellner (m\/w)<\/h3>\n<\/div>\n<div class=\"py-3 col col-12\" data-v-3d6fe4ca=\"\">\n<p>All In Family Fun Center ist ein luxemburgisches Familienunternehmen, das sich t\u00e4glich f\u00fcr die Zufriedenheit seiner Kunden einsetzt.<\/p>\n<p>F\u00fcr das Restaurant, das Play-In und die Bowlingbahn suchen wir einen <strong>Kellner (m\/w)<\/strong> zur Verst\u00e4rkung unseres Teams.<\/p>\n<p><strong>Verantwortlichkeiten<\/strong><\/p>\n<ul>\n<li>Begr\u00fc\u00dfen Sie die G\u00e4ste h\u00f6flich und setzen Sie sie an ihren Tisch.<\/li>\n<li>Pr\u00e4sentieren Sie die Speisekarte und beraten Sie die G\u00e4ste \u00fcber Speisen und Getr\u00e4nke.<\/li>\n<li>Nehmen Sie Bestellungen auf und leiten Sie diese an die K\u00fcche weiter.<\/li>\n<li>Servieren Sie Speisen und Getr\u00e4nke professionell.<\/li>\n<li>R\u00e4umen Sie die Tische ab und achten Sie auf die Sauberkeit des Raumes.<\/li>\n<li>Zahlungen einziehen und ggf. die Kasse f\u00fchren.<\/li>\n<li>Beantworten Sie Kundenanfragen und bearbeiten Sie m\u00f6gliche Beschwerden.<\/li>\n<li>Sinn f\u00fcr Service und Gastfreundschaft.<\/li>\n<li><span class=\"Y2IQFc\" lang=\"fr\" style=\"white-space: pre-wrap;\">Registrierung der G\u00e4ste beim Bowling, Kegeln und Billard.<\/span><\/li>\n<li>Guter Umgang mit Kindern und Erwachsenen.<\/li>\n<li>Jede Aufgabe des Tagesabschlusses.<\/li>\n<li>Entgegennahme von Lieferungen, Auspacken und Lagerung von Waren.<\/li>\n<li>L\u00f6sen von Problemen der verschiedenen Spiele.<\/li>\n<\/ul>\n<p>Der Beruf des Kellners erfordert Dynamik und Vielseitigkeit, wobei die Arbeitszeiten oft flexibel, aber manchmal auch einschr\u00e4nkend sind (Arbeit am Abend, an Wochenenden und Feiertagen).<\/p>\n<p><strong>Anforderungen<\/strong><\/p>\n<ul>\n<li>Gutes Ged\u00e4chtnis und schnelle Auffassungsgabe.<\/li>\n<li>F\u00e4higkeit, unter Druck und im Team zu arbeiten.<\/li>\n<li>Geduld, Freundlichkeit und Stressresistenz.<\/li>\n<li>Nutzung von Informatikmitteln (Kasse, Computer)<\/li>\n<li>Erste Erfahrungen in der Gastronomie sind von Vorteil, aber nicht zwingend erforderlich.<\/li>\n<li>Teamgeist und positive Einstellung.<\/li>\n<li>Beherrschung der franz\u00f6sischen und luxemburgischen Sprache (Englisch und\/oder Deutsch ist ein Plus).<\/li>\n<\/ul>\n<\/div>\n<\/div>\n\t\t\t\t\t\t\t\t<\/div>\n\t\t\t\t<\/div>\n\t\t\t\t<div class=\"elementor-element elementor-element-26274fe elementor-widget elementor-widget-button\" data-id=\"26274fe\" data-element_type=\"widget\" data-e-type=\"widget\" data-widget_type=\"button.default\">\n\t\t\t\t\t\t\t\t\t\t<a class=\"elementor-button elementor-button-link elementor-size-sm\" href=\"https:\/\/www.all-in.lu\/de\/bewerben-sie-sich\/\">\n\t\t\t\t\t\t<span class=\"elementor-button-content-wrapper\">\n\t\t\t\t\t\t\t\t\t<span class=\"elementor-button-text\">Bewerben Sie sich<\/span>\n\t\t\t\t\t<\/span>\n\t\t\t\t\t<\/a>\n\t\t\t\t\t\t\t\t<\/div>\n\t\t\t\t<\/div>\n\t\t\t\t\t<\/div>\n\t\t\t\t<\/div>\n\t\t\t\t<\/div>\n\t\t","protected":false},"excerpt":{"rendered":"<p>Kellner (m\/w) All In Family Fun Center ist ein luxemburgisches Familienunternehmen, das sich t\u00e4glich f\u00fcr die Zufriedenheit seiner Kunden einsetzt. F\u00fcr das Restaurant, das Play-In und die Bowlingbahn suchen wir einen Kellner (m\/w) zur Verst\u00e4rkung unseres Teams. Verantwortlichkeiten Begr\u00fc\u00dfen Sie die G\u00e4ste h\u00f6flich und setzen Sie sie an ihren Tisch. Pr\u00e4sentieren Sie die Speisekarte und [&hellip;]<\/p>\n","protected":false},"author":2,"featured_media":0,"parent":0,"menu_order":0,"comment_status":"closed","ping_status":"closed","template":"","meta":{"footnotes":""},"class_list":["post-2691","page","type-page","status-publish","hentry"],"_links":{"self":[{"href":"https:\/\/www.all-in.lu\/de\/wp-json\/wp\/v2\/pages\/2691","targetHints":{"allow":["GET"]}}],"collection":[{"href":"https:\/\/www.all-in.lu\/de\/wp-json\/wp\/v2\/pages"}],"about":[{"href":"https:\/\/www.all-in.lu\/de\/wp-json\/wp\/v2\/types\/page"}],"author":[{"embeddable":true,"href":"https:\/\/www.all-in.lu\/de\/wp-json\/wp\/v2\/users\/2"}],"replies":[{"embeddable":true,"href":"https:\/\/www.all-in.lu\/de\/wp-json\/wp\/v2\/comments?post=2691"}],"version-history":[{"count":3,"href":"https:\/\/www.all-in.lu\/de\/wp-json\/wp\/v2\/pages\/2691\/revisions"}],"predecessor-version":[{"id":2694,"href":"https:\/\/www.all-in.lu\/de\/wp-json\/wp\/v2\/pages\/2691\/revisions\/2694"}],"wp:attachment":[{"href":"https:\/\/www.all-in.lu\/de\/wp-json\/wp\/v2\/media?parent=2691"}],"curies":[{"name":"wp","href":"https:\/\/api.w.org\/{rel}","templated":true}]}}