{"id":2847,"date":"2025-03-07T20:23:50","date_gmt":"2025-03-07T19:23:50","guid":{"rendered":"https:\/\/www.all-in.lu\/informationen-chef-de-service\/"},"modified":"2025-03-07T20:23:51","modified_gmt":"2025-03-07T19:23:51","slug":"informationen-chef-de-service","status":"publish","type":"page","link":"https:\/\/www.all-in.lu\/de\/informationen-chef-de-service\/","title":{"rendered":"Informationen chef de Service"},"content":{"rendered":"\t\t<div data-elementor-type=\"wp-post\" data-elementor-id=\"2847\" class=\"elementor elementor-2847 elementor-2148\" data-elementor-post-type=\"page\">\n\t\t\t\t<div class=\"elementor-element elementor-element-b906d92 e-flex e-con-boxed e-con e-parent\" data-id=\"b906d92\" data-element_type=\"container\" data-e-type=\"container\">\n\t\t\t\t\t<div class=\"e-con-inner\">\n\t\t<div class=\"elementor-element elementor-element-993001d e-con-full e-flex e-con e-child\" data-id=\"993001d\" data-element_type=\"container\" data-e-type=\"container\">\n\t\t<div class=\"elementor-element elementor-element-e884e71 e-con-full e-flex e-con e-child\" data-id=\"e884e71\" data-element_type=\"container\" data-e-type=\"container\">\n\t\t\t\t<div class=\"elementor-element elementor-element-ba8ede9 elementor-widget elementor-widget-image\" data-id=\"ba8ede9\" data-element_type=\"widget\" data-e-type=\"widget\" data-widget_type=\"image.default\">\n\t\t\t\t\t\t\t\t\t\t\t\t\t\t\t<img decoding=\"async\" src=\"https:\/\/www.all-in.lu\/wp-content\/uploads\/elementor\/thumbs\/2023-04-08-19.35.38-copy-scaled-r2itf8yvs5lmbpe62xfvg4xww4eykyx4k3pzmppixc.jpg\" title=\"2023-04-08 19.35.38 copy\" alt=\"2023-04-08 19.35.38 copy\" loading=\"lazy\" \/>\t\t\t\t\t\t\t\t\t\t\t\t\t\t\t<\/div>\n\t\t\t\t<\/div>\n\t\t<div class=\"elementor-element elementor-element-620e519 e-con-full e-flex e-con e-child\" data-id=\"620e519\" data-element_type=\"container\" data-e-type=\"container\">\n\t\t<div class=\"elementor-element elementor-element-dc5c3d9 e-con-full e-flex e-con e-child\" data-id=\"dc5c3d9\" data-element_type=\"container\" data-e-type=\"container\">\n\t\t\t\t<div class=\"elementor-element elementor-element-375710a elementor-widget elementor-widget-text-editor\" data-id=\"375710a\" data-element_type=\"widget\" data-e-type=\"widget\" data-widget_type=\"text-editor.default\">\n\t\t\t\t\t\t\t\t\t<div class=\"row align-center list-style-colored no-gutters\" data-v-3d6fe4ca=\"\">\n<div class=\"col-md-12 col-12\" data-v-3d6fe4ca=\"\">\n<h3 class=\"secondary--text\">Chef de Service (m\/w)<\/h3>\n<\/div>\n<div class=\"py-3 col col-12\" data-v-3d6fe4ca=\"\">\n<p>All In Family Fun Center ist ein luxemburgisches Familienunternehmen, das sich t\u00e4glich f\u00fcr die Zufriedenheit seiner Kunden einsetzt.<\/p>\n<p>F\u00fcr das Restaurant, das Play-In und die Bowlingbahn suchen wir einen Abteilungsleiter (m\/w) zur Verst\u00e4rkung unseres Teams.<\/p>\n<p><strong>Verantwortlichkeiten<\/strong><\/p>\n<ul>\n<li>Verantwortung f\u00fcr das gesamte Dienstpersonal.<\/li>\n<li>Begr\u00fc\u00dfen Sie die G\u00e4ste h\u00f6flich und setzen Sie sie an ihren Tisch.<\/li>\n<li>Pr\u00e4sentieren Sie die Speisekarte und beraten Sie die G\u00e4ste \u00fcber Speisen und Getr\u00e4nke.<\/li>\n<li>Nehmen Sie Bestellungen auf und leiten Sie diese an die K\u00fcche weiter.<\/li>\n<li>Servieren Sie Speisen und Getr\u00e4nke professionell.<\/li>\n<li>R\u00e4umen Sie die Tische ab und achten Sie auf die Sauberkeit des Raumes.<\/li>\n<li>Zahlungen einziehen und ggf. die Kasse f\u00fchren.<\/li>\n<li>Beantworten Sie Kundenanfragen und bearbeiten Sie m\u00f6gliche Beschwerden.<\/li>\n<li>Sinn f\u00fcr Service und Gastfreundschaft.<\/li>\n<li>Registrierung der G\u00e4ste beim Bowling, Kegeln und Billard.<\/li>\n<li>Guter Umgang mit Kindern und Erwachsenen.<\/li>\n<li>Jede Aufgabe des Tagesabschlusses.<\/li>\n<li>Entgegennahme von Lieferungen, Auspacken und Lagerung von Waren.<\/li>\n<li>L\u00f6sen von Problemen der verschiedenen Spiele.<\/li>\n<li>Stellt sicher, dass die verschiedenen Bereiche unter seiner Verantwortung reibungslos funktionieren.<\/li>\n<li>Verwaltung des Inventars und Aufgeben von eventuellen Bestellungen (Lebensmittel und Material).<\/li>\n<li>Sorgt daf\u00fcr, dass die technischen Ger\u00e4te einwandfrei funktionieren und dass das Personal wei\u00df, wie man sie benutzt.<\/li>\n<li>Sorgt daf\u00fcr, dass die R\u00e4ume ordnungsgem\u00e4\u00df eingerichtet und sauber gehalten werden.<\/li>\n<li>H\u00f6rt dem\/der Kund\/in zu und gibt ihm\/ihr eine auf seine\/ihre Anfrage zugeschnittene Antwort.<\/li>\n<li>Kontrolliert die Getr\u00e4nke und deren korrekte Abrechnung.<\/li>\n<\/ul>\n<p>\u00a0<\/p>\n<p>Der Beruf des Abteilungsleiters erfordert Dynamik und Vielseitigkeit, wobei die Arbeitszeiten oft flexibel, aber manchmal auch einschr\u00e4nkend sind (Arbeit am Abend, an Wochenenden und Feiertagen).<\/p>\n<p><strong>Anforderungen<\/strong><\/p>\n<ul>\n<li>Gutes Ged\u00e4chtnis und schnelle Auffassungsgabe.<\/li>\n<li>F\u00e4higkeit, unter Druck und im Team zu arbeiten.<\/li>\n<li>Geduld, Freundlichkeit und Stressresistenz.<\/li>\n<li>Nutzung von Informatikmitteln (Kasse, Computer).<\/li>\n<li>Beherrschung der franz\u00f6sischen und luxemburgischen Sprache (Englisch und\/oder Deutsch ist ein Plus).<\/li>\n<li>Teamgeist und positive Einstellung.\n<li>\n<li>Professionalit\u00e4t und gute Konfliktl\u00f6sungsf\u00e4higkeiten.<\/li>\n<li>Liebe zum Detail.<\/li>\n<li>Diskretion.<\/li>\n<li>Physische Widerstandsf\u00e4higkeit.<\/li>\n<li>Reaktiv.<\/li>\n<\/ul>\n<\/div>\n<\/div>\n\t\t\t\t\t\t\t\t<\/div>\n\t\t\t\t<\/div>\n\t\t\t\t<div class=\"elementor-element elementor-element-20fddea elementor-widget elementor-widget-button\" data-id=\"20fddea\" data-element_type=\"widget\" data-e-type=\"widget\" data-widget_type=\"button.default\">\n\t\t\t\t\t\t\t\t\t\t<a class=\"elementor-button elementor-button-link elementor-size-sm\" href=\"https:\/\/www.all-in.lu\/de\/bewerben-sie-sich\/\">\n\t\t\t\t\t\t<span class=\"elementor-button-content-wrapper\">\n\t\t\t\t\t\t\t\t\t<span class=\"elementor-button-text\">Bewerben Sie sich<\/span>\n\t\t\t\t\t<\/span>\n\t\t\t\t\t<\/a>\n\t\t\t\t\t\t\t\t<\/div>\n\t\t\t\t<\/div>\n\t\t\t\t<\/div>\n\t\t\t\t\t<\/div>\n\t\t\t\t<\/div>\n\t\t\t\t<\/div>\n\t\t","protected":false},"excerpt":{"rendered":"<p>Chef de Service (m\/w) All In Family Fun Center ist ein luxemburgisches Familienunternehmen, das sich t\u00e4glich f\u00fcr die Zufriedenheit seiner Kunden einsetzt. F\u00fcr das Restaurant, das Play-In und die Bowlingbahn suchen wir einen Abteilungsleiter (m\/w) zur Verst\u00e4rkung unseres Teams. Verantwortlichkeiten Verantwortung f\u00fcr das gesamte Dienstpersonal. Begr\u00fc\u00dfen Sie die G\u00e4ste h\u00f6flich und setzen Sie sie an [&hellip;]<\/p>\n","protected":false},"author":1,"featured_media":0,"parent":0,"menu_order":0,"comment_status":"closed","ping_status":"closed","template":"","meta":{"footnotes":""},"class_list":["post-2847","page","type-page","status-publish","hentry"],"_links":{"self":[{"href":"https:\/\/www.all-in.lu\/de\/wp-json\/wp\/v2\/pages\/2847","targetHints":{"allow":["GET"]}}],"collection":[{"href":"https:\/\/www.all-in.lu\/de\/wp-json\/wp\/v2\/pages"}],"about":[{"href":"https:\/\/www.all-in.lu\/de\/wp-json\/wp\/v2\/types\/page"}],"author":[{"embeddable":true,"href":"https:\/\/www.all-in.lu\/de\/wp-json\/wp\/v2\/users\/1"}],"replies":[{"embeddable":true,"href":"https:\/\/www.all-in.lu\/de\/wp-json\/wp\/v2\/comments?post=2847"}],"version-history":[{"count":3,"href":"https:\/\/www.all-in.lu\/de\/wp-json\/wp\/v2\/pages\/2847\/revisions"}],"predecessor-version":[{"id":2850,"href":"https:\/\/www.all-in.lu\/de\/wp-json\/wp\/v2\/pages\/2847\/revisions\/2850"}],"wp:attachment":[{"href":"https:\/\/www.all-in.lu\/de\/wp-json\/wp\/v2\/media?parent=2847"}],"curies":[{"name":"wp","href":"https:\/\/api.w.org\/{rel}","templated":true}]}}