{"id":3304,"date":"2025-07-26T17:19:06","date_gmt":"2025-07-26T16:19:06","guid":{"rendered":"https:\/\/www.all-in.lu\/huepfburg-parcours-vermietung\/"},"modified":"2025-07-26T17:19:07","modified_gmt":"2025-07-26T16:19:07","slug":"huepfburg-parcours-vermietung","status":"publish","type":"page","link":"https:\/\/www.all-in.lu\/de\/huepfburg-parcours-vermietung\/","title":{"rendered":"H\u00fcpfburg-Parcours Vermietung"},"content":{"rendered":"\t\t<div data-elementor-type=\"wp-page\" data-elementor-id=\"3304\" class=\"elementor elementor-3304 elementor-3217\" data-elementor-post-type=\"page\">\n\t\t\t\t<div class=\"elementor-element elementor-element-45426e5 e-flex e-con-boxed e-con e-parent\" data-id=\"45426e5\" data-element_type=\"container\" data-e-type=\"container\">\n\t\t\t\t\t<div class=\"e-con-inner\">\n\t\t\t\t<div class=\"elementor-element elementor-element-43d0345 elementor-widget elementor-widget-spacer\" data-id=\"43d0345\" data-element_type=\"widget\" data-e-type=\"widget\" data-widget_type=\"spacer.default\">\n\t\t\t\t\t\t\t<div class=\"elementor-spacer\">\n\t\t\t<div class=\"elementor-spacer-inner\"><\/div>\n\t\t<\/div>\n\t\t\t\t\t\t<\/div>\n\t\t\t\t\t<\/div>\n\t\t\t\t<\/div>\n\t\t<div class=\"elementor-element elementor-element-1b1884b e-flex e-con-boxed e-con e-parent\" data-id=\"1b1884b\" data-element_type=\"container\" data-e-type=\"container\">\n\t\t\t\t\t<div class=\"e-con-inner\">\n\t\t\t\t<div class=\"elementor-element elementor-element-ca40eb5 elementor-widget elementor-widget-heading\" data-id=\"ca40eb5\" data-element_type=\"widget\" data-e-type=\"widget\" data-widget_type=\"heading.default\">\n\t\t\t\t\t<h2 class=\"elementor-heading-title elementor-size-default\">Vermietung unseres H\u00fcpfburg-Parcours<\/h2>\t\t\t\t<\/div>\n\t\t\t\t\t<\/div>\n\t\t\t\t<\/div>\n\t\t<div class=\"elementor-element elementor-element-b5d2fdd e-flex e-con-boxed e-con e-parent\" data-id=\"b5d2fdd\" data-element_type=\"container\" data-e-type=\"container\">\n\t\t\t\t\t<div class=\"e-con-inner\">\n\t\t\t\t<div class=\"elementor-element elementor-element-df3222b elementor-widget elementor-widget-spacer\" data-id=\"df3222b\" data-element_type=\"widget\" data-e-type=\"widget\" data-widget_type=\"spacer.default\">\n\t\t\t\t\t\t\t<div class=\"elementor-spacer\">\n\t\t\t<div class=\"elementor-spacer-inner\"><\/div>\n\t\t<\/div>\n\t\t\t\t\t\t<\/div>\n\t\t\t\t\t<\/div>\n\t\t\t\t<\/div>\n\t\t<div class=\"elementor-element elementor-element-7e13a6f e-flex e-con-boxed e-con e-parent\" data-id=\"7e13a6f\" data-element_type=\"container\" data-e-type=\"container\">\n\t\t\t\t\t<div class=\"e-con-inner\">\n\t\t\t\t<div class=\"elementor-element elementor-element-ef96857 elementor-widget elementor-widget-gallery\" data-id=\"ef96857\" data-element_type=\"widget\" data-e-type=\"widget\" data-settings=\"{&quot;gallery_layout&quot;:&quot;masonry&quot;,&quot;columns&quot;:3,&quot;lazyload&quot;:&quot;yes&quot;,&quot;columns_tablet&quot;:2,&quot;columns_mobile&quot;:1,&quot;gap&quot;:{&quot;unit&quot;:&quot;px&quot;,&quot;size&quot;:10,&quot;sizes&quot;:[]},&quot;gap_tablet&quot;:{&quot;unit&quot;:&quot;px&quot;,&quot;size&quot;:10,&quot;sizes&quot;:[]},&quot;gap_mobile&quot;:{&quot;unit&quot;:&quot;px&quot;,&quot;size&quot;:10,&quot;sizes&quot;:[]},&quot;link_to&quot;:&quot;file&quot;,&quot;overlay_background&quot;:&quot;yes&quot;,&quot;content_hover_animation&quot;:&quot;fade-in&quot;}\" data-widget_type=\"gallery.default\">\n\t\t\t\t\t\t\t<div class=\"elementor-gallery__container\">\n\t\t\t\t\t\t\t<a class=\"e-gallery-item elementor-gallery-item elementor-animated-content\" href=\"https:\/\/www.all-in.lu\/wp-content\/uploads\/2025\/07\/DSC_0741-scaled.jpg\" data-elementor-open-lightbox=\"yes\" data-elementor-lightbox-slideshow=\"ef96857\" data-elementor-lightbox-title=\"DSC_0741\" data-e-action-hash=\"#elementor-action%3Aaction%3Dlightbox%26settings%3DeyJpZCI6MzIzMSwidXJsIjoiaHR0cHM6XC9cL3d3dy5hbGwtaW4ubHVcL3dwLWNvbnRlbnRcL3VwbG9hZHNcLzIwMjVcLzA3XC9EU0NfMDc0MS1zY2FsZWQuanBnIiwic2xpZGVzaG93IjoiZWY5Njg1NyJ9\">\n\t\t\t\t\t<div class=\"e-gallery-image elementor-gallery-item__image\" data-thumbnail=\"https:\/\/www.all-in.lu\/wp-content\/uploads\/2025\/07\/DSC_0741-300x201.jpg\" data-width=\"300\" data-height=\"201\" aria-label=\"\" role=\"img\" ><\/div>\n\t\t\t\t\t\t\t\t\t\t\t<div class=\"elementor-gallery-item__overlay\"><\/div>\n\t\t\t\t\t\t\t\t\t\t\t\t\t\t<\/a>\n\t\t\t\t\t\t\t<a class=\"e-gallery-item elementor-gallery-item elementor-animated-content\" href=\"https:\/\/www.all-in.lu\/wp-content\/uploads\/2025\/07\/DSC_0742-scaled.jpg\" data-elementor-open-lightbox=\"yes\" data-elementor-lightbox-slideshow=\"ef96857\" data-elementor-lightbox-title=\"DSC_0742\" data-e-action-hash=\"#elementor-action%3Aaction%3Dlightbox%26settings%3DeyJpZCI6MzIzMywidXJsIjoiaHR0cHM6XC9cL3d3dy5hbGwtaW4ubHVcL3dwLWNvbnRlbnRcL3VwbG9hZHNcLzIwMjVcLzA3XC9EU0NfMDc0Mi1zY2FsZWQuanBnIiwic2xpZGVzaG93IjoiZWY5Njg1NyJ9\">\n\t\t\t\t\t<div class=\"e-gallery-image elementor-gallery-item__image\" data-thumbnail=\"https:\/\/www.all-in.lu\/wp-content\/uploads\/2025\/07\/DSC_0742-300x201.jpg\" data-width=\"300\" data-height=\"201\" aria-label=\"\" role=\"img\" ><\/div>\n\t\t\t\t\t\t\t\t\t\t\t<div class=\"elementor-gallery-item__overlay\"><\/div>\n\t\t\t\t\t\t\t\t\t\t\t\t\t\t<\/a>\n\t\t\t\t\t\t\t<a class=\"e-gallery-item elementor-gallery-item elementor-animated-content\" href=\"https:\/\/www.all-in.lu\/wp-content\/uploads\/2025\/07\/DSC_0743-scaled.jpg\" data-elementor-open-lightbox=\"yes\" data-elementor-lightbox-slideshow=\"ef96857\" data-elementor-lightbox-title=\"DSC_0743\" data-e-action-hash=\"#elementor-action%3Aaction%3Dlightbox%26settings%3DeyJpZCI6MzIzNSwidXJsIjoiaHR0cHM6XC9cL3d3dy5hbGwtaW4ubHVcL3dwLWNvbnRlbnRcL3VwbG9hZHNcLzIwMjVcLzA3XC9EU0NfMDc0My1zY2FsZWQuanBnIiwic2xpZGVzaG93IjoiZWY5Njg1NyJ9\">\n\t\t\t\t\t<div class=\"e-gallery-image elementor-gallery-item__image\" data-thumbnail=\"https:\/\/www.all-in.lu\/wp-content\/uploads\/2025\/07\/DSC_0743-300x201.jpg\" data-width=\"300\" data-height=\"201\" aria-label=\"\" role=\"img\" ><\/div>\n\t\t\t\t\t\t\t\t\t\t\t<div class=\"elementor-gallery-item__overlay\"><\/div>\n\t\t\t\t\t\t\t\t\t\t\t\t\t\t<\/a>\n\t\t\t\t\t\t\t<a class=\"e-gallery-item elementor-gallery-item elementor-animated-content\" href=\"https:\/\/www.all-in.lu\/wp-content\/uploads\/2025\/07\/DSC_0744-scaled.jpg\" data-elementor-open-lightbox=\"yes\" data-elementor-lightbox-slideshow=\"ef96857\" data-elementor-lightbox-title=\"DSC_0744\" data-e-action-hash=\"#elementor-action%3Aaction%3Dlightbox%26settings%3DeyJpZCI6MzIzNywidXJsIjoiaHR0cHM6XC9cL3d3dy5hbGwtaW4ubHVcL3dwLWNvbnRlbnRcL3VwbG9hZHNcLzIwMjVcLzA3XC9EU0NfMDc0NC1zY2FsZWQuanBnIiwic2xpZGVzaG93IjoiZWY5Njg1NyJ9\">\n\t\t\t\t\t<div class=\"e-gallery-image elementor-gallery-item__image\" data-thumbnail=\"https:\/\/www.all-in.lu\/wp-content\/uploads\/2025\/07\/DSC_0744-300x201.jpg\" data-width=\"300\" data-height=\"201\" aria-label=\"\" role=\"img\" ><\/div>\n\t\t\t\t\t\t\t\t\t\t\t<div class=\"elementor-gallery-item__overlay\"><\/div>\n\t\t\t\t\t\t\t\t\t\t\t\t\t\t<\/a>\n\t\t\t\t\t\t\t<a class=\"e-gallery-item elementor-gallery-item elementor-animated-content\" href=\"https:\/\/www.all-in.lu\/wp-content\/uploads\/2025\/07\/DSC_0745-1-scaled.jpg\" data-elementor-open-lightbox=\"yes\" data-elementor-lightbox-slideshow=\"ef96857\" data-elementor-lightbox-title=\"DSC_0745\" data-e-action-hash=\"#elementor-action%3Aaction%3Dlightbox%26settings%3DeyJpZCI6MzIzOSwidXJsIjoiaHR0cHM6XC9cL3d3dy5hbGwtaW4ubHVcL3dwLWNvbnRlbnRcL3VwbG9hZHNcLzIwMjVcLzA3XC9EU0NfMDc0NS0xLXNjYWxlZC5qcGciLCJzbGlkZXNob3ciOiJlZjk2ODU3In0%3D\">\n\t\t\t\t\t<div class=\"e-gallery-image elementor-gallery-item__image\" data-thumbnail=\"https:\/\/www.all-in.lu\/wp-content\/uploads\/2025\/07\/DSC_0745-1-300x201.jpg\" data-width=\"300\" data-height=\"201\" aria-label=\"\" role=\"img\" ><\/div>\n\t\t\t\t\t\t\t\t\t\t\t<div class=\"elementor-gallery-item__overlay\"><\/div>\n\t\t\t\t\t\t\t\t\t\t\t\t\t\t<\/a>\n\t\t\t\t\t\t\t<a class=\"e-gallery-item elementor-gallery-item elementor-animated-content\" href=\"https:\/\/www.all-in.lu\/wp-content\/uploads\/2025\/07\/DSC_0746-scaled.jpg\" data-elementor-open-lightbox=\"yes\" data-elementor-lightbox-slideshow=\"ef96857\" data-elementor-lightbox-title=\"DSC_0746\" data-e-action-hash=\"#elementor-action%3Aaction%3Dlightbox%26settings%3DeyJpZCI6MzI0MSwidXJsIjoiaHR0cHM6XC9cL3d3dy5hbGwtaW4ubHVcL3dwLWNvbnRlbnRcL3VwbG9hZHNcLzIwMjVcLzA3XC9EU0NfMDc0Ni1zY2FsZWQuanBnIiwic2xpZGVzaG93IjoiZWY5Njg1NyJ9\">\n\t\t\t\t\t<div class=\"e-gallery-image elementor-gallery-item__image\" data-thumbnail=\"https:\/\/www.all-in.lu\/wp-content\/uploads\/2025\/07\/DSC_0746-300x201.jpg\" data-width=\"300\" data-height=\"201\" aria-label=\"\" role=\"img\" ><\/div>\n\t\t\t\t\t\t\t\t\t\t\t<div class=\"elementor-gallery-item__overlay\"><\/div>\n\t\t\t\t\t\t\t\t\t\t\t\t\t\t<\/a>\n\t\t\t\t\t\t\t<a class=\"e-gallery-item elementor-gallery-item elementor-animated-content\" href=\"https:\/\/www.all-in.lu\/wp-content\/uploads\/2025\/07\/DSC_0747-scaled.jpg\" data-elementor-open-lightbox=\"yes\" data-elementor-lightbox-slideshow=\"ef96857\" data-elementor-lightbox-title=\"DSC_0747\" data-e-action-hash=\"#elementor-action%3Aaction%3Dlightbox%26settings%3DeyJpZCI6MzI0MywidXJsIjoiaHR0cHM6XC9cL3d3dy5hbGwtaW4ubHVcL3dwLWNvbnRlbnRcL3VwbG9hZHNcLzIwMjVcLzA3XC9EU0NfMDc0Ny1zY2FsZWQuanBnIiwic2xpZGVzaG93IjoiZWY5Njg1NyJ9\">\n\t\t\t\t\t<div class=\"e-gallery-image elementor-gallery-item__image\" data-thumbnail=\"https:\/\/www.all-in.lu\/wp-content\/uploads\/2025\/07\/DSC_0747-300x201.jpg\" data-width=\"300\" data-height=\"201\" aria-label=\"\" role=\"img\" ><\/div>\n\t\t\t\t\t\t\t\t\t\t\t<div class=\"elementor-gallery-item__overlay\"><\/div>\n\t\t\t\t\t\t\t\t\t\t\t\t\t\t<\/a>\n\t\t\t\t\t\t\t<a class=\"e-gallery-item elementor-gallery-item elementor-animated-content\" href=\"https:\/\/www.all-in.lu\/wp-content\/uploads\/2025\/07\/DSC_0748-scaled.jpg\" data-elementor-open-lightbox=\"yes\" data-elementor-lightbox-slideshow=\"ef96857\" data-elementor-lightbox-title=\"DSC_0748\" data-e-action-hash=\"#elementor-action%3Aaction%3Dlightbox%26settings%3DeyJpZCI6MzI0NSwidXJsIjoiaHR0cHM6XC9cL3d3dy5hbGwtaW4ubHVcL3dwLWNvbnRlbnRcL3VwbG9hZHNcLzIwMjVcLzA3XC9EU0NfMDc0OC1zY2FsZWQuanBnIiwic2xpZGVzaG93IjoiZWY5Njg1NyJ9\">\n\t\t\t\t\t<div class=\"e-gallery-image elementor-gallery-item__image\" data-thumbnail=\"https:\/\/www.all-in.lu\/wp-content\/uploads\/2025\/07\/DSC_0748-300x201.jpg\" data-width=\"300\" data-height=\"201\" aria-label=\"\" role=\"img\" ><\/div>\n\t\t\t\t\t\t\t\t\t\t\t<div class=\"elementor-gallery-item__overlay\"><\/div>\n\t\t\t\t\t\t\t\t\t\t\t\t\t\t<\/a>\n\t\t\t\t\t\t\t<a class=\"e-gallery-item elementor-gallery-item elementor-animated-content\" href=\"https:\/\/www.all-in.lu\/wp-content\/uploads\/2025\/07\/DSC_0749-scaled.jpg\" data-elementor-open-lightbox=\"yes\" data-elementor-lightbox-slideshow=\"ef96857\" data-elementor-lightbox-title=\"DSC_0749\" data-e-action-hash=\"#elementor-action%3Aaction%3Dlightbox%26settings%3DeyJpZCI6MzI0NywidXJsIjoiaHR0cHM6XC9cL3d3dy5hbGwtaW4ubHVcL3dwLWNvbnRlbnRcL3VwbG9hZHNcLzIwMjVcLzA3XC9EU0NfMDc0OS1zY2FsZWQuanBnIiwic2xpZGVzaG93IjoiZWY5Njg1NyJ9\">\n\t\t\t\t\t<div class=\"e-gallery-image elementor-gallery-item__image\" data-thumbnail=\"https:\/\/www.all-in.lu\/wp-content\/uploads\/2025\/07\/DSC_0749-300x201.jpg\" data-width=\"300\" data-height=\"201\" aria-label=\"\" role=\"img\" ><\/div>\n\t\t\t\t\t\t\t\t\t\t\t<div class=\"elementor-gallery-item__overlay\"><\/div>\n\t\t\t\t\t\t\t\t\t\t\t\t\t\t<\/a>\n\t\t\t\t\t<\/div>\n\t\t\t\t\t<\/div>\n\t\t\t\t\t<\/div>\n\t\t\t\t<\/div>\n\t\t<div class=\"elementor-element elementor-element-9b67c6d e-flex e-con-boxed e-con e-parent\" data-id=\"9b67c6d\" data-element_type=\"container\" data-e-type=\"container\">\n\t\t\t\t\t<div class=\"e-con-inner\">\n\t\t\t\t<div class=\"elementor-element elementor-element-1ea13d4 elementor-widget elementor-widget-spacer\" data-id=\"1ea13d4\" data-element_type=\"widget\" data-e-type=\"widget\" data-widget_type=\"spacer.default\">\n\t\t\t\t\t\t\t<div class=\"elementor-spacer\">\n\t\t\t<div class=\"elementor-spacer-inner\"><\/div>\n\t\t<\/div>\n\t\t\t\t\t\t<\/div>\n\t\t\t\t\t<\/div>\n\t\t\t\t<\/div>\n\t\t<div class=\"elementor-element elementor-element-c2cf9a0 e-flex e-con-boxed e-con e-parent\" data-id=\"c2cf9a0\" data-element_type=\"container\" data-e-type=\"container\">\n\t\t\t\t\t<div class=\"e-con-inner\">\n\t\t\t\t<div class=\"elementor-element elementor-element-bd4f50b elementor-widget elementor-widget-text-editor\" data-id=\"bd4f50b\" data-element_type=\"widget\" data-e-type=\"widget\" data-widget_type=\"text-editor.default\">\n\t\t\t\t\t\t\t\t\t<p><strong>250\u20ac<\/strong> &#8211; F\u00fcr einen Tag (Selbstabholung)<\/p>\n<p><strong>400\u20ac<\/strong> &#8211; F\u00fcr einen Tag (Mit Lieferung, ohne Aufbau)<\/p>\n<p><strong>550\u20ac<\/strong> &#8211; F\u00fcr einen Tag (Mit Lieferung, mit Aufbau und Abbau)<\/p>\n<p><strong>75\u20ac<\/strong> &#8211; Person die Ihnen hilft die H\u00fcpfburg wieder richtig einzupacken (dennoch ben\u00f6tigen Sie weiter 4 Personen f\u00fcr den Abbau) (Achtung: dies m\u00fcssen Sie immer bezahlen, au\u00dfer Sie buchen auch den Abbau, dann verf\u00e4llt diese Summe)\u00a0<\/p>\n<p><strong>500\u20ac<\/strong> &#8211; Kaution<\/p>\n<p><strong>150\u20ac<\/strong> &#8211; Reinigung (Nicht n\u00f6tig wenn Sie die Reinigung selbst durchf\u00fchren)<\/p>\n\t\t\t\t\t\t\t\t<\/div>\n\t\t\t\t\t<\/div>\n\t\t\t\t<\/div>\n\t\t<div class=\"elementor-element elementor-element-c3354c7 e-flex e-con-boxed e-con e-parent\" data-id=\"c3354c7\" data-element_type=\"container\" data-e-type=\"container\">\n\t\t\t\t\t<div class=\"e-con-inner\">\n\t\t\t\t<div class=\"elementor-element elementor-element-9984e1f elementor-widget elementor-widget-spacer\" data-id=\"9984e1f\" data-element_type=\"widget\" data-e-type=\"widget\" data-widget_type=\"spacer.default\">\n\t\t\t\t\t\t\t<div class=\"elementor-spacer\">\n\t\t\t<div class=\"elementor-spacer-inner\"><\/div>\n\t\t<\/div>\n\t\t\t\t\t\t<\/div>\n\t\t\t\t\t<\/div>\n\t\t\t\t<\/div>\n\t\t\t\t<\/div>\n\t\t","protected":false},"excerpt":{"rendered":"<p>Vermietung unseres H\u00fcpfburg-Parcours 250\u20ac &#8211; F\u00fcr einen Tag (Selbstabholung) 400\u20ac &#8211; F\u00fcr einen Tag (Mit Lieferung, ohne Aufbau) 550\u20ac &#8211; F\u00fcr einen Tag (Mit Lieferung, mit Aufbau und Abbau) 75\u20ac &#8211; Person die Ihnen hilft die H\u00fcpfburg wieder richtig einzupacken (dennoch ben\u00f6tigen Sie weiter 4 Personen f\u00fcr den Abbau) (Achtung: dies m\u00fcssen Sie immer bezahlen, [&hellip;]<\/p>\n","protected":false},"author":2,"featured_media":0,"parent":0,"menu_order":0,"comment_status":"closed","ping_status":"closed","template":"","meta":{"footnotes":""},"class_list":["post-3304","page","type-page","status-publish","hentry"],"_links":{"self":[{"href":"https:\/\/www.all-in.lu\/de\/wp-json\/wp\/v2\/pages\/3304","targetHints":{"allow":["GET"]}}],"collection":[{"href":"https:\/\/www.all-in.lu\/de\/wp-json\/wp\/v2\/pages"}],"about":[{"href":"https:\/\/www.all-in.lu\/de\/wp-json\/wp\/v2\/types\/page"}],"author":[{"embeddable":true,"href":"https:\/\/www.all-in.lu\/de\/wp-json\/wp\/v2\/users\/2"}],"replies":[{"embeddable":true,"href":"https:\/\/www.all-in.lu\/de\/wp-json\/wp\/v2\/comments?post=3304"}],"version-history":[{"count":1,"href":"https:\/\/www.all-in.lu\/de\/wp-json\/wp\/v2\/pages\/3304\/revisions"}],"predecessor-version":[{"id":3305,"href":"https:\/\/www.all-in.lu\/de\/wp-json\/wp\/v2\/pages\/3304\/revisions\/3305"}],"wp:attachment":[{"href":"https:\/\/www.all-in.lu\/de\/wp-json\/wp\/v2\/media?parent=3304"}],"curies":[{"name":"wp","href":"https:\/\/api.w.org\/{rel}","templated":true}]}}